{"id":1840,"date":"2023-03-29T18:26:29","date_gmt":"2023-03-29T21:26:29","guid":{"rendered":"https:\/\/newservicestihl.com\/wpp\/?page_id=1840"},"modified":"2023-03-29T18:27:20","modified_gmt":"2023-03-29T21:27:20","slug":"keep-calm-estamos-quase-la","status":"publish","type":"page","link":"https:\/\/newservicestihl.com\/wpp\/keep-calm-estamos-quase-la\/","title":{"rendered":"Keep calm, estamos quase l\u00e1\u2026"},"content":{"rendered":"\n<p><strong>A cada edi\u00e7\u00e3o buscamos superar o conte\u00fado e o visual deste importante canal de comunica\u00e7\u00e3o da STIHL para a sua rede. Continue nos acompanhando para superarmos a sua expectativa.<\/strong><\/p>\n\n\n\n<p><strong>Comenta aqui o que faltou para esta edi\u00e7\u00e3o ser TOP!<\/strong><\/p>\n\n\n\n","protected":false},"excerpt":{"rendered":"<p>A cada edi\u00e7\u00e3o buscamos superar o conte\u00fado e o visual deste importante canal de comunica\u00e7\u00e3o da STIHL para a sua rede. Continue nos acompanhando para superarmos a sua expectativa. Comenta aqui o que faltou para esta edi\u00e7\u00e3o ser TOP!<\/p>\n","protected":false},"author":1,"featured_media":0,"parent":0,"menu_order":0,"comment_status":"open","ping_status":"closed","template":"","meta":{"footnotes":""},"class_list":["post-1840","page","type-page","status-publish","hentry"],"_links":{"self":[{"href":"https:\/\/newservicestihl.com\/wpp\/wp-json\/wp\/v2\/pages\/1840","targetHints":{"allow":["GET"]}}],"collection":[{"href":"https:\/\/newservicestihl.com\/wpp\/wp-json\/wp\/v2\/pages"}],"about":[{"href":"https:\/\/newservicestihl.com\/wpp\/wp-json\/wp\/v2\/types\/page"}],"author":[{"embeddable":true,"href":"https:\/\/newservicestihl.com\/wpp\/wp-json\/wp\/v2\/users\/1"}],"replies":[{"embeddable":true,"href":"https:\/\/newservicestihl.com\/wpp\/wp-json\/wp\/v2\/comments?post=1840"}],"version-history":[{"count":3,"href":"https:\/\/newservicestihl.com\/wpp\/wp-json\/wp\/v2\/pages\/1840\/revisions"}],"predecessor-version":[{"id":1843,"href":"https:\/\/newservicestihl.com\/wpp\/wp-json\/wp\/v2\/pages\/1840\/revisions\/1843"}],"wp:attachment":[{"href":"https:\/\/newservicestihl.com\/wpp\/wp-json\/wp\/v2\/media?parent=1840"}],"curies":[{"name":"wp","href":"https:\/\/api.w.org\/{rel}","templated":true}]}}