{"id":1858,"date":"2023-03-29T18:20:54","date_gmt":"2023-03-29T21:20:54","guid":{"rendered":"https:\/\/newservicestihl.com\/wpp\/?page_id=1858"},"modified":"2023-03-29T18:55:23","modified_gmt":"2023-03-29T21:55:23","slug":"que-bom-que-voce-curtiu","status":"publish","type":"page","link":"https:\/\/newservicestihl.com\/wpp\/que-bom-que-voce-curtiu\/","title":{"rendered":"Que bom que voc\u00ea curtiu!"},"content":{"rendered":"\n<p class=\"has-primary-color has-text-color\">Ficamos muito felizes com esse retorno, continue acompanhando a NewService.<\/p>\n\n\n\n<p class=\"has-primary-color has-text-color\">Tem algum coment\u00e1rio que gostaria de fazer ou sugest\u00e3o para esta news ficar ainda melhor? Conta pra n\u00f3s<\/p>\n\n\n\n","protected":false},"excerpt":{"rendered":"<p>Ficamos muito felizes com esse retorno, continue acompanhando a NewService. Tem algum coment\u00e1rio que gostaria de fazer ou sugest\u00e3o para esta news ficar ainda melhor? Conta pra n\u00f3s<\/p>\n","protected":false},"author":1,"featured_media":0,"parent":0,"menu_order":0,"comment_status":"open","ping_status":"closed","template":"","meta":{"footnotes":""},"class_list":["post-1858","page","type-page","status-publish","hentry"],"_links":{"self":[{"href":"https:\/\/newservicestihl.com\/wpp\/wp-json\/wp\/v2\/pages\/1858","targetHints":{"allow":["GET"]}}],"collection":[{"href":"https:\/\/newservicestihl.com\/wpp\/wp-json\/wp\/v2\/pages"}],"about":[{"href":"https:\/\/newservicestihl.com\/wpp\/wp-json\/wp\/v2\/types\/page"}],"author":[{"embeddable":true,"href":"https:\/\/newservicestihl.com\/wpp\/wp-json\/wp\/v2\/users\/1"}],"replies":[{"embeddable":true,"href":"https:\/\/newservicestihl.com\/wpp\/wp-json\/wp\/v2\/comments?post=1858"}],"version-history":[{"count":2,"href":"https:\/\/newservicestihl.com\/wpp\/wp-json\/wp\/v2\/pages\/1858\/revisions"}],"predecessor-version":[{"id":5970,"href":"https:\/\/newservicestihl.com\/wpp\/wp-json\/wp\/v2\/pages\/1858\/revisions\/5970"}],"wp:attachment":[{"href":"https:\/\/newservicestihl.com\/wpp\/wp-json\/wp\/v2\/media?parent=1858"}],"curies":[{"name":"wp","href":"https:\/\/api.w.org\/{rel}","templated":true}]}}