{"id":1881,"date":"2023-04-01T20:52:15","date_gmt":"2023-04-01T23:52:15","guid":{"rendered":"https:\/\/newservicestihl.com\/wpp\/?page_id=1881"},"modified":"2023-05-03T18:49:48","modified_gmt":"2023-05-03T21:49:48","slug":"me-alegra-que-te-haya-gustado","status":"publish","type":"page","link":"https:\/\/newservicestihl.com\/wpp\/es\/me-alegra-que-te-haya-gustado\/","title":{"rendered":"\u00a1Me alegra que te haya gustado!"},"content":{"rendered":"\n<p>Estamos muy contentos con este regreso, sigue acompa\u00f1ando la NewService.<\/p>\n\n\n\n<p>Tienes alg\u00fan comentario que te gustar\u00eda hacer o sugerencias para mejorar a\u00fan m\u00e1s esta news? Comp\u00e1rtelo con nosotros<\/p>\n\n\n\n","protected":false},"excerpt":{"rendered":"<p>Estamos muy contentos con este regreso, sigue acompa\u00f1ando la NewService. Tienes alg\u00fan comentario que te gustar\u00eda hacer o sugerencias para mejorar a\u00fan m\u00e1s esta news? Comp\u00e1rtelo con nosotros<\/p>\n","protected":false},"author":1,"featured_media":0,"parent":0,"menu_order":0,"comment_status":"open","ping_status":"closed","template":"","meta":{"footnotes":""},"class_list":["post-1881","page","type-page","status-publish","hentry"],"_links":{"self":[{"href":"https:\/\/newservicestihl.com\/wpp\/wp-json\/wp\/v2\/pages\/1881","targetHints":{"allow":["GET"]}}],"collection":[{"href":"https:\/\/newservicestihl.com\/wpp\/wp-json\/wp\/v2\/pages"}],"about":[{"href":"https:\/\/newservicestihl.com\/wpp\/wp-json\/wp\/v2\/types\/page"}],"author":[{"embeddable":true,"href":"https:\/\/newservicestihl.com\/wpp\/wp-json\/wp\/v2\/users\/1"}],"replies":[{"embeddable":true,"href":"https:\/\/newservicestihl.com\/wpp\/wp-json\/wp\/v2\/comments?post=1881"}],"version-history":[{"count":1,"href":"https:\/\/newservicestihl.com\/wpp\/wp-json\/wp\/v2\/pages\/1881\/revisions"}],"predecessor-version":[{"id":1882,"href":"https:\/\/newservicestihl.com\/wpp\/wp-json\/wp\/v2\/pages\/1881\/revisions\/1882"}],"wp:attachment":[{"href":"https:\/\/newservicestihl.com\/wpp\/wp-json\/wp\/v2\/media?parent=1881"}],"curies":[{"name":"wp","href":"https:\/\/api.w.org\/{rel}","templated":true}]}}